{"id":17,"date":"2026-04-09T13:53:23","date_gmt":"2026-04-09T13:53:23","guid":{"rendered":"http:\/\/niedzwiedzwpodrozy.pl\/?page_id=17"},"modified":"2026-04-09T14:55:36","modified_gmt":"2026-04-09T14:55:36","slug":"o-mnie","status":"publish","type":"page","link":"https:\/\/niedzwiedzwpodrozy.pl\/index.php\/o-mnie\/","title":{"rendered":"O mnie"},"content":{"rendered":"\t\t<div data-elementor-type=\"wp-post\" data-elementor-id=\"17\" class=\"elementor elementor-17\">\n\t\t\t\t<div class=\"elementor-element elementor-element-46dc0ac e-flex e-con-boxed e-con e-parent\" data-id=\"46dc0ac\" data-element_type=\"container\" data-e-type=\"container\" data-settings=\"{&quot;background_background&quot;:&quot;classic&quot;}\">\n\t\t\t\t\t<div class=\"e-con-inner\">\n\t\t<div class=\"elementor-element elementor-element-b0cac32 e-con-full e-flex e-con e-child\" data-id=\"b0cac32\" data-element_type=\"container\" data-e-type=\"container\">\n\t\t\t\t\t\t\t\n\t\t<img class=\"e-image-base \" \n\t\t\t\t\tdata-interaction-id=\"59bb88e\" \n\t\t \n\t\t \n\t\t\t\t\t\t\t\t\tid=\"22\"\n\t\t\t\t\t\t\t\t\t\t\t\tsrc=\"https:\/\/niedzwiedzwpodrozy.pl\/wp-content\/uploads\/2026\/04\/Ouzoud-13-scaled.jpg\"\n\t\t\t\t\t\t\t\t\t\t\t\twidth=\"1920\"\n\t\t\t\t\t\t\t\t\t\t\t\theight=\"2560\"\n\t\t\t\t\t\t\t\t\t\t\t\tsrcset=\"https:\/\/niedzwiedzwpodrozy.pl\/wp-content\/uploads\/2026\/04\/Ouzoud-13-scaled.jpg 1920w, https:\/\/niedzwiedzwpodrozy.pl\/wp-content\/uploads\/2026\/04\/Ouzoud-13-225x300.jpg 225w, https:\/\/niedzwiedzwpodrozy.pl\/wp-content\/uploads\/2026\/04\/Ouzoud-13-768x1024.jpg 768w, https:\/\/niedzwiedzwpodrozy.pl\/wp-content\/uploads\/2026\/04\/Ouzoud-13-1152x1536.jpg 1152w, https:\/\/niedzwiedzwpodrozy.pl\/wp-content\/uploads\/2026\/04\/Ouzoud-13-1536x2048.jpg 1536w\"\n\t\t\t\t\t\t\t\t\t\t\t\talt=\"\"\n\t\t\t\t\t\t\/>\n\t\t\t\t\t<\/div>\n\t\t<div class=\"elementor-element elementor-element-79f2882 e-con-full e-flex e-con e-child\" data-id=\"79f2882\" data-element_type=\"container\" data-e-type=\"container\">\n\t\t\t\t\t\t\t\t<p class=\"e-paragraph-base\" data-interaction-id=\"a275957\"  >\n\t\t\t\t\t\t\t\tNazywam si\u0119 Dominik Skibi\u0144ski i pochodz\u0119 z G\u0142ubczyc - niewielkiego miasteczka na pograniczu polsko-czeskim. Mi\u0142o\u015bci\u0105 do podr\u00f3\u017cowania zarazi\u0142em si\u0119 ju\u017c chyba w przedszkolu, na co bez w\u0105tpienia wp\u0142yn\u0119\u0142o pi\u0119kno okolicy. Jestem absolwentem studi\u00f3w dziennikarskich na UJ i podharcmistrzem Zwi\u0105zku Harcerstwa Rzeczypospolitej.&nbsp;Nazwa bloga pochodzi od zast\u0119pu Nied\u017awiedzi, kt\u00f3ry prowadzi\u0142em niegdy\u015b w G\u0142ubczycach. Interesuje mnie zar\u00f3wno natura, jak i miasta i zabytki. W ci\u0105gu \u017cycia chcia\u0142bym odwiedzi\u0107 jak najwi\u0119cej pa\u0144stw \u015bwiata, a \u017ce uwielbiam dzieli\u0107 si\u0119 zdj\u0119ciami i opowie\u015bciami, postanowi\u0142em za\u0142o\u017cy\u0107 tego oto bloga, tak\u017ce by promowa\u0107 rejon Pogranicza.&nbsp;\n\t\t\t\t\t<\/p>\n\t\t\t\t<\/div>\n\t\t<div class=\"elementor-element elementor-element-44f270f e-con-full e-flex e-con e-child\" data-id=\"44f270f\" data-element_type=\"container\" data-e-type=\"container\">\n\t\t\t\t<\/div>\n\t\t\t\t\t<\/div>\n\t\t\t\t<\/div>\n\t\t\t\t<\/div>\n\t\t","protected":false},"excerpt":{"rendered":"<p>Nazywam si\u0119 Dominik Skibi\u0144ski i pochodz\u0119 z G\u0142ubczyc &#8211; niewielkiego miasteczka na pograniczu polsko-czeskim. Mi\u0142o\u015bci\u0105 do podr\u00f3\u017cowania zarazi\u0142em si\u0119 ju\u017c chyba w przedszkolu, na co &hellip;<\/p>\n","protected":false},"author":1,"featured_media":0,"parent":0,"menu_order":0,"comment_status":"closed","ping_status":"closed","template":"","meta":{"saved_in_kubio":false,"_eb_attr":"","footnotes":""},"class_list":["post-17","page","type-page","status-publish","hentry"],"kubio_ai_page_context":{"short_desc":"","purpose":"general"},"_links":{"self":[{"href":"https:\/\/niedzwiedzwpodrozy.pl\/index.php\/wp-json\/wp\/v2\/pages\/17","targetHints":{"allow":["GET"]}}],"collection":[{"href":"https:\/\/niedzwiedzwpodrozy.pl\/index.php\/wp-json\/wp\/v2\/pages"}],"about":[{"href":"https:\/\/niedzwiedzwpodrozy.pl\/index.php\/wp-json\/wp\/v2\/types\/page"}],"author":[{"embeddable":true,"href":"https:\/\/niedzwiedzwpodrozy.pl\/index.php\/wp-json\/wp\/v2\/users\/1"}],"replies":[{"embeddable":true,"href":"https:\/\/niedzwiedzwpodrozy.pl\/index.php\/wp-json\/wp\/v2\/comments?post=17"}],"version-history":[{"count":20,"href":"https:\/\/niedzwiedzwpodrozy.pl\/index.php\/wp-json\/wp\/v2\/pages\/17\/revisions"}],"predecessor-version":[{"id":92,"href":"https:\/\/niedzwiedzwpodrozy.pl\/index.php\/wp-json\/wp\/v2\/pages\/17\/revisions\/92"}],"wp:attachment":[{"href":"https:\/\/niedzwiedzwpodrozy.pl\/index.php\/wp-json\/wp\/v2\/media?parent=17"}],"curies":[{"name":"wp","href":"https:\/\/api.w.org\/{rel}","templated":true}]}}